{"id":40905,"date":"2024-02-12T11:29:46","date_gmt":"2024-02-12T11:29:46","guid":{"rendered":"https:\/\/www.produktna-fotografija.si\/izdelava-gifov-in-animacij-copy\/"},"modified":"2025-08-03T14:52:08","modified_gmt":"2025-08-03T14:52:08","slug":"transparenter-hintergrund","status":"publish","type":"page","link":"https:\/\/www.productphotostudio.at\/en\/transparenter-hintergrund\/","title":{"rendered":"TRANSPARENT BACKGROUND"},"content":{"rendered":"<div data-elementor-type=\"wp-page\" data-elementor-id=\"40905\" class=\"elementor elementor-40905\" data-elementor-post-type=\"page\">\n\t\t\t\t\t\t<section class=\"elementor-section elementor-top-section elementor-element elementor-element-73977da elementor-section-boxed elementor-section-height-default elementor-section-height-default\" data-id=\"73977da\" data-element_type=\"section\" data-settings=\"{&quot;jet_parallax_layout_list&quot;:[],&quot;background_background&quot;:&quot;classic&quot;}\">\n\t\t\t\t\t\t<div class=\"elementor-container elementor-column-gap-default\">\n\t\t\t\t\t<div class=\"elementor-column elementor-col-50 elementor-top-column elementor-element elementor-element-685410d\" data-id=\"685410d\" data-element_type=\"column\">\n\t\t\t<div class=\"elementor-widget-wrap elementor-element-populated\">\n\t\t\t\t\t\t<div class=\"elementor-element elementor-element-a153763 elementor-hidden-desktop elementor-hidden-tablet pp-ic-label-horizontal-top elementor-widget elementor-widget-pp-image-comparison\" data-id=\"a153763\" data-element_type=\"widget\" data-widget_type=\"pp-image-comparison.default\">\n\t\t\t\t<div class=\"elementor-widget-container\">\n\t\t\t\t\t<div class=\"pp-image-comparison\" id=\"pp-image-comparison-a153763\" data-settings=\"{&quot;visible_ratio&quot;:&quot;0.5&quot;,&quot;orientation&quot;:&quot;horizontal&quot;,&quot;before_label&quot;:&quot;Transparentnost&quot;,&quot;after_label&quot;:&quot;Poljubno ozadje&quot;,&quot;slider_on_hover&quot;:false,&quot;slider_with_handle&quot;:true,&quot;slider_with_click&quot;:false,&quot;no_overlay&quot;:true}\">\n\t\t\t<img decoding=\"async\" src=\"https:\/\/www.productphotostudio.at\/wp-content\/uploads\/2024\/01\/cerave-transparentno.png\" alt=\"izdelava videa\" title=\"\" class=\"pp-before-img\" \/><img decoding=\"async\" src=\"https:\/\/www.productphotostudio.at\/wp-content\/uploads\/2024\/09\/transprentnost.jpg\" alt=\"transprentnost\" title=\"transprentnost\" class=\"pp-after-img\" \/>\t\t<\/div>\n\t\t\t\t<\/div>\n\t\t\t\t<\/div>\n\t\t\t\t<div class=\"elementor-element elementor-element-b105523 elementor-widget elementor-widget-heading\" data-id=\"b105523\" data-element_type=\"widget\" data-widget_type=\"heading.default\">\n\t\t\t\t<div class=\"elementor-widget-container\">\n\t\t\t<h1 class=\"elementor-heading-title elementor-size-default\">TRANSPARENT BACKGROUND<\/h1>\t\t<\/div>\n\t\t\t\t<\/div>\n\t\t\t\t<div class=\"elementor-element elementor-element-04357b5 elementor-widget elementor-widget-text-editor\" data-id=\"04357b5\" data-element_type=\"widget\" data-widget_type=\"text-editor.default\">\n\t\t\t\t<div class=\"elementor-widget-container\">\n\t\t\t\t\t\t\t<p id=\"tw-target-text\" class=\"tw-data-text tw-text-large tw-ta\" dir=\"ltr\" data-placeholder=\"Prevod\" data-ved=\"2ahUKEwiV5u27uMqIAxUmif0HHUxFDQgQ3ewLegQIBxAU\" aria-label=\"Translated text: Na\u0161a storitev Brez\u0161ivno belo ozadje zagotavlja visokokakovostne in cenovno dostopne fotografije izdelkov, idealne za e-trgovino. S \u010disto belim ozadjem bodo va\u0161i izdelki izstopali z osupljivo jasnostjo. Izkoristite na\u0161e ve\u010dplastne cene in prilagodljive dodatke.\">Transparency allows your products to blend seamlessly into any background, making them more versatile and offering endless creative possibilities.<\/p>\t\t\t\t\t\t<\/div>\n\t\t\t\t<\/div>\n\t\t\t\t<div class=\"elementor-element elementor-element-6ee76a3 elementor-widget elementor-widget-pp-faq\" data-id=\"6ee76a3\" data-element_type=\"widget\" data-settings=\"{&quot;faq_layout&quot;:&quot;accordion&quot;,&quot;accordion_type&quot;:&quot;accordion&quot;,&quot;toggle_speed&quot;:300}\" data-widget_type=\"pp-faq.default\">\n\t\t\t\t<div class=\"elementor-widget-container\">\n\t\t\t\t\t<div class=\"pp-faqs pp-advanced-accordion pp-toggle-icon-align-left\" id=\"pp-advanced-accordion-6ee76a3\" data-accordion-id=\"6ee76a3\">\n\t\t\t\t\t\t<div class=\"pp-faq-item elementor-grid-item pp-accordion-item\">\n\t\t\t\t<div id=\"pp-accordion-tab-title-1161\" class=\"pp-faq-question pp-accordion-tab-title\" tabindex=\"0\" data-tab=\"1\">\n\t\t\t\t\t<div class=\"pp-accordion-title-icon\">\n\t\t\t\t\t\t\t\t\t\t\t\t\t\t\t\t\t\t<div class=\"pp-accordion-title-text\">\n\t\t\t\t\t\t\tWhat is included in the price?\t\t\t\t\t\t<\/div>\n\t\t\t\t\t<\/div>\n\t\t\t\t\t\t\t\t\t\t\t<div class=\"pp-accordion-toggle-icon\">\n\t\t\t\t\t\t\t\t\t\t\t\t\t\t\t<span class='pp-accordion-toggle-icon-close pp-icon'>\n\t\t\t\t\t\t\t\t\t<i aria-hidden=\"true\" class=\"fas fa-plus\"><\/i>\t\t\t\t\t\t\t\t<\/span>\n\t\t\t\t\t\t\t\t\t\t\t\t\t\t\t\t\t\t\t\t\t\t<span class='pp-accordion-toggle-icon-open pp-icon'>\n\t\t\t\t\t\t\t\t\t<i aria-hidden=\"true\" class=\"fas fa-minus\"><\/i>\t\t\t\t\t\t\t\t<\/span>\n\t\t\t\t\t\t\t\t\t\t\t\t\t<\/div>\n\t\t\t\t\t\t\t\t\t<\/div>\n\n\t\t\t\t<div id=\"pp-accordion-tab-content-1161\" class=\"pp-faq-answer pp-accordion-tab-content\" data-tab=\"1\">\n\t\t\t\t\t<p>You will receive professionally cut vector product photos in PNG format, ready for any background. Other formats such as TIFF or PSD are available upon prior agreement.<\/p>\n\t\t\t\t<\/div>\n\t\t\t<\/div>\n\t\t\t\t\t\t<div class=\"pp-faq-item elementor-grid-item pp-accordion-item\">\n\t\t\t\t<div id=\"pp-accordion-tab-title-1162\" class=\"pp-faq-question pp-accordion-tab-title\" tabindex=\"0\" data-tab=\"2\">\n\t\t\t\t\t<div class=\"pp-accordion-title-icon\">\n\t\t\t\t\t\t\t\t\t\t\t\t\t\t\t\t\t\t<div class=\"pp-accordion-title-text\">\n\t\t\t\t\t\t\tHow do I start a project?\t\t\t\t\t\t<\/div>\n\t\t\t\t\t<\/div>\n\t\t\t\t\t\t\t\t\t\t\t<div class=\"pp-accordion-toggle-icon\">\n\t\t\t\t\t\t\t\t\t\t\t\t\t\t\t<span class='pp-accordion-toggle-icon-close pp-icon'>\n\t\t\t\t\t\t\t\t\t<i aria-hidden=\"true\" class=\"fas fa-plus\"><\/i>\t\t\t\t\t\t\t\t<\/span>\n\t\t\t\t\t\t\t\t\t\t\t\t\t\t\t\t\t\t\t\t\t\t<span class='pp-accordion-toggle-icon-open pp-icon'>\n\t\t\t\t\t\t\t\t\t<i aria-hidden=\"true\" class=\"fas fa-minus\"><\/i>\t\t\t\t\t\t\t\t<\/span>\n\t\t\t\t\t\t\t\t\t\t\t\t\t<\/div>\n\t\t\t\t\t\t\t\t\t<\/div>\n\n\t\t\t\t<div id=\"pp-accordion-tab-content-1162\" class=\"pp-faq-answer pp-accordion-tab-content\" data-tab=\"2\">\n\t\t\t\t\t<ol>\n<li>Send a photo order by clicking on the \"Quote\" link<\/li>\n<li>Entrust us with your wishes and all details about photography<\/li>\n<li>Collaboration and coordination: Together with you, we coordinate your wishes regarding layout and number of photos for an optimal presentation of the products.<\/li>\n<\/ol>\n\t\t\t\t<\/div>\n\t\t\t<\/div>\n\t\t\t\t\t<\/div>\n\t\t\t\t<\/div>\n\t\t\t\t<\/div>\n\t\t\t\t<div class=\"elementor-element elementor-element-2e9ebf0 elementor-mobile-align-left elementor-icon-list--layout-traditional elementor-list-item-link-full_width elementor-widget elementor-widget-icon-list\" data-id=\"2e9ebf0\" data-element_type=\"widget\" data-widget_type=\"icon-list.default\">\n\t\t\t\t<div class=\"elementor-widget-container\">\n\t\t\t\t\t<ul class=\"elementor-icon-list-items\">\n\t\t\t\t\t\t\t<li class=\"elementor-icon-list-item\">\n\t\t\t\t\t\t\t\t\t\t\t<span class=\"elementor-icon-list-icon\">\n\t\t\t\t\t\t\t<i aria-hidden=\"true\" class=\"fas fa-check\"><\/i>\t\t\t\t\t\t<\/span>\n\t\t\t\t\t\t\t\t\t\t<span class=\"elementor-icon-list-text\">Customize product backgrounds<\/span>\n\t\t\t\t\t\t\t\t\t<\/li>\n\t\t\t\t\t\t\t\t<li class=\"elementor-icon-list-item\">\n\t\t\t\t\t\t\t\t\t\t\t<span class=\"elementor-icon-list-icon\">\n\t\t\t\t\t\t\t<i aria-hidden=\"true\" class=\"fas fa-check\"><\/i>\t\t\t\t\t\t<\/span>\n\t\t\t\t\t\t\t\t\t\t<span class=\"elementor-icon-list-text\">Use products on any background<\/span>\n\t\t\t\t\t\t\t\t\t<\/li>\n\t\t\t\t\t\t\t\t<li class=\"elementor-icon-list-item\">\n\t\t\t\t\t\t\t\t\t\t\t<span class=\"elementor-icon-list-icon\">\n\t\t\t\t\t\t\t<i aria-hidden=\"true\" class=\"fas fa-check\"><\/i>\t\t\t\t\t\t<\/span>\n\t\t\t\t\t\t\t\t\t\t<span class=\"elementor-icon-list-text\">Easy to use in advertising creatives<\/span>\n\t\t\t\t\t\t\t\t\t<\/li>\n\t\t\t\t\t\t<\/ul>\n\t\t\t\t<\/div>\n\t\t\t\t<\/div>\n\t\t\t\t<div class=\"elementor-element elementor-element-49a7221 elementor-widget-mobile__width-initial elementor-widget elementor-widget-jet-button\" data-id=\"49a7221\" data-element_type=\"widget\" data-widget_type=\"jet-button.default\">\n\t\t\t\t<div class=\"elementor-widget-container\">\n\t\t\t<div class=\"elementor-jet-button jet-elements\"><div class=\"jet-button__container\">\n\t<a class=\"jet-button__instance jet-button__instance--icon-left hover-effect-0\" href=\"https:\/\/www.productphotostudio.at\/en\/kontakt\/\">\n\t\t<div class=\"jet-button__plane jet-button__plane-normal\"><\/div>\n\t\t<div class=\"jet-button__plane jet-button__plane-hover\"><\/div>\n\t\t<div class=\"jet-button__state jet-button__state-normal\">\n\t\t\t<span class=\"jet-button__label\">contact<\/span>\t\t<\/div>\n\t\t<div class=\"jet-button__state jet-button__state-hover\">\n\t\t\t<span class=\"jet-button__label\">contact<\/span>\t\t<\/div>\n\t<\/a>\n<\/div>\n<\/div>\t\t<\/div>\n\t\t\t\t<\/div>\n\t\t\t\t\t<\/div>\n\t\t<\/div>\n\t\t\t\t<div class=\"elementor-column elementor-col-50 elementor-top-column elementor-element elementor-element-f1537d2\" data-id=\"f1537d2\" data-element_type=\"column\">\n\t\t\t<div class=\"elementor-widget-wrap elementor-element-populated\">\n\t\t\t\t\t\t<div class=\"elementor-element elementor-element-ad430b9 elementor-hidden-mobile pp-ic-label-horizontal-top elementor-widget elementor-widget-pp-image-comparison\" data-id=\"ad430b9\" data-element_type=\"widget\" data-widget_type=\"pp-image-comparison.default\">\n\t\t\t\t<div class=\"elementor-widget-container\">\n\t\t\t\t\t<div class=\"pp-image-comparison\" id=\"pp-image-comparison-ad430b9\" data-settings=\"{&quot;visible_ratio&quot;:&quot;0.5&quot;,&quot;orientation&quot;:&quot;horizontal&quot;,&quot;before_label&quot;:&quot;Transparentnost&quot;,&quot;after_label&quot;:&quot;Poljubno ozadje&quot;,&quot;slider_on_hover&quot;:false,&quot;slider_with_handle&quot;:true,&quot;slider_with_click&quot;:false,&quot;no_overlay&quot;:true}\">\n\t\t\t<img decoding=\"async\" src=\"https:\/\/www.productphotostudio.at\/wp-content\/uploads\/2024\/12\/fotografiranje-ure-3.jpg\" alt=\"fotografiranje ure 3\" title=\"fotografiranje ure 3\" class=\"pp-before-img\" \/><img decoding=\"async\" src=\"https:\/\/www.productphotostudio.at\/wp-content\/uploads\/2025\/01\/produktna-fotografija-monarte-6.jpg\" alt=\"produktna fotografija monarte 6\" title=\"produktna fotografija monarte 6\" class=\"pp-after-img\" \/>\t\t<\/div>\n\t\t\t\t<\/div>\n\t\t\t\t<\/div>\n\t\t\t\t\t<\/div>\n\t\t<\/div>\n\t\t\t\t\t<\/div>\n\t\t<\/section>\n\t\t\t\t<section class=\"elementor-section elementor-top-section elementor-element elementor-element-fa8c72d elementor-section-boxed elementor-section-height-default elementor-section-height-default\" data-id=\"fa8c72d\" data-element_type=\"section\" data-settings=\"{&quot;jet_parallax_layout_list&quot;:[],&quot;background_background&quot;:&quot;classic&quot;}\">\n\t\t\t\t\t\t<div class=\"elementor-container elementor-column-gap-default\">\n\t\t\t\t\t<div class=\"elementor-column elementor-col-100 elementor-top-column elementor-element elementor-element-d471f8c\" data-id=\"d471f8c\" data-element_type=\"column\">\n\t\t\t<div class=\"elementor-widget-wrap elementor-element-populated\">\n\t\t\t\t\t\t<div class=\"elementor-element elementor-element-ca103dc elementor-widget elementor-widget-spacer\" data-id=\"ca103dc\" data-element_type=\"widget\" data-widget_type=\"spacer.default\">\n\t\t\t\t<div class=\"elementor-widget-container\">\n\t\t\t\t\t<div class=\"elementor-spacer\">\n\t\t\t<div class=\"elementor-spacer-inner\"><\/div>\n\t\t<\/div>\n\t\t\t\t<\/div>\n\t\t\t\t<\/div>\n\t\t\t\t<div class=\"elementor-element elementor-element-576f5d2 elementor-widget elementor-widget-heading\" data-id=\"576f5d2\" data-element_type=\"widget\" data-widget_type=\"heading.default\">\n\t\t\t\t<div class=\"elementor-widget-container\">\n\t\t\t<h2 class=\"elementor-heading-title elementor-size-default\">FAQ<\/h2>\t\t<\/div>\n\t\t\t\t<\/div>\n\t\t\t\t<section class=\"elementor-section elementor-inner-section elementor-element elementor-element-73be6cb elementor-section-boxed elementor-section-height-default elementor-section-height-default\" data-id=\"73be6cb\" data-element_type=\"section\" data-settings=\"{&quot;jet_parallax_layout_list&quot;:[]}\">\n\t\t\t\t\t\t<div class=\"elementor-container elementor-column-gap-default\">\n\t\t\t\t\t<div class=\"elementor-column elementor-col-100 elementor-inner-column elementor-element elementor-element-e2fbc00\" data-id=\"e2fbc00\" data-element_type=\"column\">\n\t\t\t<div class=\"elementor-widget-wrap elementor-element-populated\">\n\t\t\t\t\t\t<div class=\"elementor-element elementor-element-2ccaf86 elementor-widget elementor-widget-pp-faq\" data-id=\"2ccaf86\" data-element_type=\"widget\" data-settings=\"{&quot;faq_layout&quot;:&quot;accordion&quot;,&quot;accordion_type&quot;:&quot;accordion&quot;,&quot;toggle_speed&quot;:300}\" data-widget_type=\"pp-faq.default\">\n\t\t\t\t<div class=\"elementor-widget-container\">\n\t\t\t\t\t<div class=\"pp-faqs pp-advanced-accordion pp-toggle-icon-align-left\" id=\"pp-advanced-accordion-2ccaf86\" data-accordion-id=\"2ccaf86\">\n\t\t\t\t\t\t<div class=\"pp-faq-item elementor-grid-item pp-accordion-item\">\n\t\t\t\t<div id=\"pp-accordion-tab-title-4691\" class=\"pp-faq-question pp-accordion-tab-title\" tabindex=\"0\" data-tab=\"1\">\n\t\t\t\t\t<div class=\"pp-accordion-title-icon\">\n\t\t\t\t\t\t\t\t\t\t\t\t\t\t\t\t\t\t<div class=\"pp-accordion-title-text\">\n\t\t\t\t\t\t\tWhat does transparency mean?\t\t\t\t\t\t<\/div>\n\t\t\t\t\t<\/div>\n\t\t\t\t\t\t\t\t\t\t\t<div class=\"pp-accordion-toggle-icon\">\n\t\t\t\t\t\t\t\t\t\t\t\t\t\t\t<span class='pp-accordion-toggle-icon-close pp-icon'>\n\t\t\t\t\t\t\t\t\t<i aria-hidden=\"true\" class=\"fas fa-plus\"><\/i>\t\t\t\t\t\t\t\t<\/span>\n\t\t\t\t\t\t\t\t\t\t\t\t\t\t\t\t\t\t\t\t\t\t<span class='pp-accordion-toggle-icon-open pp-icon'>\n\t\t\t\t\t\t\t\t\t<i aria-hidden=\"true\" class=\"fas fa-minus\"><\/i>\t\t\t\t\t\t\t\t<\/span>\n\t\t\t\t\t\t\t\t\t\t\t\t\t<\/div>\n\t\t\t\t\t\t\t\t\t<\/div>\n\n\t\t\t\t<div id=\"pp-accordion-tab-content-4691\" class=\"pp-faq-answer pp-accordion-tab-content\" data-tab=\"1\">\n\t\t\t\t\t<p>If you choose transparency, we will cut your product vectorized and allow you to use it on a multi-colored background for online store or marketing purposes.<\/p>\n\t\t\t\t<\/div>\n\t\t\t<\/div>\n\t\t\t\t\t\t<div class=\"pp-faq-item elementor-grid-item pp-accordion-item\">\n\t\t\t\t<div id=\"pp-accordion-tab-title-4692\" class=\"pp-faq-question pp-accordion-tab-title\" tabindex=\"0\" data-tab=\"2\">\n\t\t\t\t\t<div class=\"pp-accordion-title-icon\">\n\t\t\t\t\t\t\t\t\t\t\t\t\t\t\t\t\t\t<div class=\"pp-accordion-title-text\">\n\t\t\t\t\t\t\tIn what format do we receive photos?\t\t\t\t\t\t<\/div>\n\t\t\t\t\t<\/div>\n\t\t\t\t\t\t\t\t\t\t\t<div class=\"pp-accordion-toggle-icon\">\n\t\t\t\t\t\t\t\t\t\t\t\t\t\t\t<span class='pp-accordion-toggle-icon-close pp-icon'>\n\t\t\t\t\t\t\t\t\t<i aria-hidden=\"true\" class=\"fas fa-plus\"><\/i>\t\t\t\t\t\t\t\t<\/span>\n\t\t\t\t\t\t\t\t\t\t\t\t\t\t\t\t\t\t\t\t\t\t<span class='pp-accordion-toggle-icon-open pp-icon'>\n\t\t\t\t\t\t\t\t\t<i aria-hidden=\"true\" class=\"fas fa-minus\"><\/i>\t\t\t\t\t\t\t\t<\/span>\n\t\t\t\t\t\t\t\t\t\t\t\t\t<\/div>\n\t\t\t\t\t\t\t\t\t<\/div>\n\n\t\t\t\t<div id=\"pp-accordion-tab-content-4692\" class=\"pp-faq-answer pp-accordion-tab-content\" data-tab=\"2\">\n\t\t\t\t\t<p>Transparent photos are delivered in PNG format. PNG format is recommended due to its high quality, ease of use and compatibility with many platforms and applications.<\/p>\n<p>If you wish, we can also provide you with the TIFF format, which is also popular for transparent use. In addition, we can also provide you with the original PSD format after prior agreement, which gives you maximum freedom in later use.<\/p>\n\t\t\t\t<\/div>\n\t\t\t<\/div>\n\t\t\t\t\t\t<div class=\"pp-faq-item elementor-grid-item pp-accordion-item\">\n\t\t\t\t<div id=\"pp-accordion-tab-title-4693\" class=\"pp-faq-question pp-accordion-tab-title\" tabindex=\"0\" data-tab=\"3\">\n\t\t\t\t\t<div class=\"pp-accordion-title-icon\">\n\t\t\t\t\t\t\t\t\t\t\t\t\t\t\t\t\t\t<div class=\"pp-accordion-title-text\">\n\t\t\t\t\t\t\tWhere can we use photos with transparent backgrounds?\t\t\t\t\t\t<\/div>\n\t\t\t\t\t<\/div>\n\t\t\t\t\t\t\t\t\t\t\t<div class=\"pp-accordion-toggle-icon\">\n\t\t\t\t\t\t\t\t\t\t\t\t\t\t\t<span class='pp-accordion-toggle-icon-close pp-icon'>\n\t\t\t\t\t\t\t\t\t<i aria-hidden=\"true\" class=\"fas fa-plus\"><\/i>\t\t\t\t\t\t\t\t<\/span>\n\t\t\t\t\t\t\t\t\t\t\t\t\t\t\t\t\t\t\t\t\t\t<span class='pp-accordion-toggle-icon-open pp-icon'>\n\t\t\t\t\t\t\t\t\t<i aria-hidden=\"true\" class=\"fas fa-minus\"><\/i>\t\t\t\t\t\t\t\t<\/span>\n\t\t\t\t\t\t\t\t\t\t\t\t\t<\/div>\n\t\t\t\t\t\t\t\t\t<\/div>\n\n\t\t\t\t<div id=\"pp-accordion-tab-content-4693\" class=\"pp-faq-answer pp-accordion-tab-content\" data-tab=\"3\">\n\t\t\t\t\t<p>If you receive photos in PNG format, you can easily import them into various programs such as Canva or Adobe Photoshop, where you can easily use them on any background.\u00a0\u00a0<\/p>\n<p>When adding transparent images to your website, most modern tools like WordPress allow you to upload a .png file with transparency. You can upload the photo directly to your library and embed it on your website. The transparent photo will blend seamlessly into the background of the selected website.<\/p>\n<p>Photos can also be used in marketing materials by simply placing the products on any background in a program like Canva and adding selected text or other content next to them.<\/p>\n\t\t\t\t<\/div>\n\t\t\t<\/div>\n\t\t\t\t\t<\/div>\n\t\t\t\t<\/div>\n\t\t\t\t<\/div>\n\t\t\t\t\t<\/div>\n\t\t<\/div>\n\t\t\t\t\t<\/div>\n\t\t<\/section>\n\t\t\t\t\t<\/div>\n\t\t<\/div>\n\t\t\t\t\t<\/div>\n\t\t<\/section>\n\t\t\t\t<section class=\"elementor-section elementor-top-section elementor-element elementor-element-1ec4d50 elementor-section-boxed elementor-section-height-default elementor-section-height-default\" data-id=\"1ec4d50\" data-element_type=\"section\" data-settings=\"{&quot;jet_parallax_layout_list&quot;:[],&quot;background_background&quot;:&quot;classic&quot;}\">\n\t\t\t\t\t\t<div class=\"elementor-container elementor-column-gap-default\">\n\t\t\t\t\t<div class=\"elementor-column elementor-col-33 elementor-top-column elementor-element elementor-element-5fa69c0\" data-id=\"5fa69c0\" data-element_type=\"column\">\n\t\t\t<div class=\"elementor-widget-wrap elementor-element-populated\">\n\t\t\t\t\t\t<div class=\"elementor-element elementor-element-2b35561 elementor-hidden-mobile pp-ic-label-horizontal-top elementor-widget elementor-widget-pp-image-comparison\" data-id=\"2b35561\" data-element_type=\"widget\" data-widget_type=\"pp-image-comparison.default\">\n\t\t\t\t<div class=\"elementor-widget-container\">\n\t\t\t\t\t<div class=\"pp-image-comparison\" id=\"pp-image-comparison-2b35561\" data-settings=\"{&quot;visible_ratio&quot;:&quot;0.5&quot;,&quot;orientation&quot;:&quot;horizontal&quot;,&quot;before_label&quot;:&quot;Transparentnost&quot;,&quot;after_label&quot;:&quot;Poljubno ozadje&quot;,&quot;slider_on_hover&quot;:false,&quot;slider_with_handle&quot;:true,&quot;slider_with_click&quot;:false,&quot;no_overlay&quot;:true}\">\n\t\t\t<img decoding=\"async\" src=\"https:\/\/www.productphotostudio.at\/wp-content\/uploads\/2024\/09\/6-4.jpg\" alt=\"6\" title=\"6\" class=\"pp-before-img\" \/><img decoding=\"async\" src=\"https:\/\/www.productphotostudio.at\/wp-content\/uploads\/2024\/09\/5-5.jpg\" alt=\"5\" title=\"5\" class=\"pp-after-img\" \/>\t\t<\/div>\n\t\t\t\t<\/div>\n\t\t\t\t<\/div>\n\t\t\t\t\t<\/div>\n\t\t<\/div>\n\t\t\t\t<div class=\"elementor-column elementor-col-33 elementor-top-column elementor-element elementor-element-060f7c7\" data-id=\"060f7c7\" data-element_type=\"column\">\n\t\t\t<div class=\"elementor-widget-wrap elementor-element-populated\">\n\t\t\t\t\t\t<div class=\"elementor-element elementor-element-f98581d elementor-hidden-mobile pp-ic-label-horizontal-top elementor-widget elementor-widget-pp-image-comparison\" data-id=\"f98581d\" data-element_type=\"widget\" data-widget_type=\"pp-image-comparison.default\">\n\t\t\t\t<div class=\"elementor-widget-container\">\n\t\t\t\t\t<div class=\"pp-image-comparison\" id=\"pp-image-comparison-f98581d\" data-settings=\"{&quot;visible_ratio&quot;:&quot;0.5&quot;,&quot;orientation&quot;:&quot;horizontal&quot;,&quot;before_label&quot;:&quot;Transparentnost&quot;,&quot;after_label&quot;:&quot;Poljubno ozadje&quot;,&quot;slider_on_hover&quot;:false,&quot;slider_with_handle&quot;:true,&quot;slider_with_click&quot;:false,&quot;no_overlay&quot;:true}\">\n\t\t\t<img decoding=\"async\" src=\"https:\/\/www.productphotostudio.at\/wp-content\/uploads\/2024\/09\/2-6.jpg\" alt=\"2\" title=\"2\" class=\"pp-before-img\" \/><img decoding=\"async\" src=\"https:\/\/www.productphotostudio.at\/wp-content\/uploads\/2024\/09\/1-6.jpg\" alt=\"1\" title=\"1\" class=\"pp-after-img\" \/>\t\t<\/div>\n\t\t\t\t<\/div>\n\t\t\t\t<\/div>\n\t\t\t\t\t<\/div>\n\t\t<\/div>\n\t\t\t\t<div class=\"elementor-column elementor-col-33 elementor-top-column elementor-element elementor-element-cc49c9c\" data-id=\"cc49c9c\" data-element_type=\"column\">\n\t\t\t<div class=\"elementor-widget-wrap elementor-element-populated\">\n\t\t\t\t\t\t<div class=\"elementor-element elementor-element-333e96c elementor-hidden-mobile pp-ic-label-horizontal-top elementor-widget elementor-widget-pp-image-comparison\" data-id=\"333e96c\" data-element_type=\"widget\" data-widget_type=\"pp-image-comparison.default\">\n\t\t\t\t<div class=\"elementor-widget-container\">\n\t\t\t\t\t<div class=\"pp-image-comparison\" id=\"pp-image-comparison-333e96c\" data-settings=\"{&quot;visible_ratio&quot;:&quot;0.5&quot;,&quot;orientation&quot;:&quot;horizontal&quot;,&quot;before_label&quot;:&quot;Transparentnost&quot;,&quot;after_label&quot;:&quot;Poljubno ozadje&quot;,&quot;slider_on_hover&quot;:false,&quot;slider_with_handle&quot;:true,&quot;slider_with_click&quot;:false,&quot;no_overlay&quot;:true}\">\n\t\t\t<img decoding=\"async\" src=\"https:\/\/www.productphotostudio.at\/wp-content\/uploads\/2024\/09\/4-5.jpg\" alt=\"4\" title=\"4\" class=\"pp-before-img\" \/><img decoding=\"async\" src=\"https:\/\/www.productphotostudio.at\/wp-content\/uploads\/2024\/09\/3-5.jpg\" alt=\"3\" title=\"3\" class=\"pp-after-img\" \/>\t\t<\/div>\n\t\t\t\t<\/div>\n\t\t\t\t<\/div>\n\t\t\t\t\t<\/div>\n\t\t<\/div>\n\t\t\t\t\t<\/div>\n\t\t<\/section>\n\t\t\t\t<section class=\"elementor-section elementor-top-section elementor-element elementor-element-ea4d9a5 elementor-section-height-min-height elementor-section-full_width elementor-section-height-default elementor-section-items-middle\" data-id=\"ea4d9a5\" data-element_type=\"section\" data-settings=\"{&quot;jet_parallax_layout_list&quot;:[],&quot;background_background&quot;:&quot;classic&quot;}\">\n\t\t\t\t\t\t<div class=\"elementor-container elementor-column-gap-no\">\n\t\t\t\t\t<div class=\"elementor-column elementor-col-100 elementor-top-column elementor-element elementor-element-e012e61\" data-id=\"e012e61\" data-element_type=\"column\">\n\t\t\t<div class=\"elementor-widget-wrap elementor-element-populated\">\n\t\t\t\t\t\t<div class=\"elementor-element elementor-element-7222b4f elementor-widget elementor-widget-heading\" data-id=\"7222b4f\" data-element_type=\"widget\" data-widget_type=\"heading.default\">\n\t\t\t\t<div class=\"elementor-widget-container\">\n\t\t\t<h2 class=\"elementor-heading-title elementor-size-default\">Ready to collaborate?<\/h2>\t\t<\/div>\n\t\t\t\t<\/div>\n\t\t\t\t<div class=\"elementor-element elementor-element-c44ccea elementor-widget elementor-widget-text-editor\" data-id=\"c44ccea\" data-element_type=\"widget\" data-widget_type=\"text-editor.default\">\n\t\t\t\t<div class=\"elementor-widget-container\">\n\t\t\t\t\t\t\t<p>Let our team present your products in the best light. Contact us today!<\/p>\t\t\t\t\t\t<\/div>\n\t\t\t\t<\/div>\n\t\t\t\t<div class=\"elementor-element elementor-element-c2fcf6e elementor-widget elementor-widget-jet-button\" data-id=\"c2fcf6e\" data-element_type=\"widget\" data-widget_type=\"jet-button.default\">\n\t\t\t\t<div class=\"elementor-widget-container\">\n\t\t\t<div class=\"elementor-jet-button jet-elements\"><div class=\"jet-button__container\">\n\t<a class=\"jet-button__instance jet-button__instance--icon-left hover-effect-0\" href=\"https:\/\/www.productphotostudio.at\/en\/kontakt\/\">\n\t\t<div class=\"jet-button__plane jet-button__plane-normal\"><\/div>\n\t\t<div class=\"jet-button__plane jet-button__plane-hover\"><\/div>\n\t\t<div class=\"jet-button__state jet-button__state-normal\">\n\t\t\t<span class=\"jet-button__label\">CONTACT<\/span>\t\t<\/div>\n\t\t<div class=\"jet-button__state jet-button__state-hover\">\n\t\t\t<span class=\"jet-button__label\">CONTACT<\/span>\t\t<\/div>\n\t<\/a>\n<\/div>\n<\/div>\t\t<\/div>\n\t\t\t\t<\/div>\n\t\t\t\t\t<\/div>\n\t\t<\/div>\n\t\t\t\t\t<\/div>\n\t\t<\/section>\n\t\t\t\t<\/div>","protected":false},"excerpt":{"rendered":"<p>TRANSPARENTER HINTERGRUND Durch die Transparenz f\u00fcgen sich Ihre Produkte nahtlos in jeden Hintergrund ein, wodurch sie vielseitiger sind und endlose kreative M\u00f6glichkeiten bieten. Was ist im Preis inbegriffen? Sie erhalten professionell geschnittene Vektorproduktfotos im PNG-Format, bereit f\u00fcr jeden Hintergrund. Andere Formate wie TIFF oder PSD sind nach vorheriger Vereinbarung verf\u00fcgbar. Wie starte ich ein Projekt? [&hellip;]<\/p>","protected":false},"author":14,"featured_media":0,"parent":0,"menu_order":2,"comment_status":"closed","ping_status":"closed","template":"","meta":{"_seopress_robots_primary_cat":"","_seopress_titles_title":"Transparenter Hintergrund \u2502 Product Photo Studio EU","_seopress_titles_desc":"Produktfotos k\u00f6nnen auch auf einem transparenten Hintergrund erstellt werden, sodass die Produkte f\u00fcr die Bed\u00fcrfnisse von Marketingaktivit\u00e4ten auch auf einem anderen Hintergrund verwendet werden k\u00f6nnen.","_seopress_robots_index":"","footnotes":""},"_links":{"self":[{"href":"https:\/\/www.productphotostudio.at\/en\/wp-json\/wp\/v2\/pages\/40905"}],"collection":[{"href":"https:\/\/www.productphotostudio.at\/en\/wp-json\/wp\/v2\/pages"}],"about":[{"href":"https:\/\/www.productphotostudio.at\/en\/wp-json\/wp\/v2\/types\/page"}],"author":[{"embeddable":true,"href":"https:\/\/www.productphotostudio.at\/en\/wp-json\/wp\/v2\/users\/14"}],"replies":[{"embeddable":true,"href":"https:\/\/www.productphotostudio.at\/en\/wp-json\/wp\/v2\/comments?post=40905"}],"version-history":[{"count":0,"href":"https:\/\/www.productphotostudio.at\/en\/wp-json\/wp\/v2\/pages\/40905\/revisions"}],"wp:attachment":[{"href":"https:\/\/www.productphotostudio.at\/en\/wp-json\/wp\/v2\/media?parent=40905"}],"curies":[{"name":"wp","href":"https:\/\/api.w.org\/{rel}","templated":true}]}}