{"id":46056,"date":"2024-09-08T16:50:20","date_gmt":"2024-09-08T16:50:20","guid":{"rendered":"https:\/\/www.produktna-fotografija.si\/potek-dela-copy\/"},"modified":"2025-08-03T14:56:17","modified_gmt":"2025-08-03T14:56:17","slug":"angebot","status":"publish","type":"page","link":"https:\/\/www.productphotostudio.at\/en\/angebot\/","title":{"rendered":"get a quote"},"content":{"rendered":"<div data-elementor-type=\"wp-page\" data-elementor-id=\"46056\" class=\"elementor elementor-46056\" data-elementor-post-type=\"page\">\n\t\t\t\t\t\t<section class=\"elementor-section elementor-top-section elementor-element elementor-element-b99cd69 elementor-section-boxed elementor-section-height-default elementor-section-height-default\" data-id=\"b99cd69\" data-element_type=\"section\" data-settings=\"{&quot;jet_parallax_layout_list&quot;:[],&quot;background_background&quot;:&quot;classic&quot;}\">\n\t\t\t\t\t\t<div class=\"elementor-container elementor-column-gap-default\">\n\t\t\t\t\t<div class=\"elementor-column elementor-col-100 elementor-top-column elementor-element elementor-element-b5e8a15\" data-id=\"b5e8a15\" data-element_type=\"column\" data-settings=\"{&quot;background_background&quot;:&quot;classic&quot;}\">\n\t\t\t<div class=\"elementor-widget-wrap elementor-element-populated\">\n\t\t\t\t\t\t<div class=\"elementor-element elementor-element-17ee52c elementor-widget elementor-widget-heading\" data-id=\"17ee52c\" data-element_type=\"widget\" data-widget_type=\"heading.default\">\n\t\t\t\t<div class=\"elementor-widget-container\">\n\t\t\t<h2 class=\"elementor-heading-title elementor-size-default\">Fill out the form to receive a quote.<\/h2>\t\t<\/div>\n\t\t\t\t<\/div>\n\t\t\t\t<div class=\"elementor-element elementor-element-2e7e091 elementor-widget elementor-widget-text-editor\" data-id=\"2e7e091\" data-element_type=\"widget\" data-widget_type=\"text-editor.default\">\n\t\t\t\t<div class=\"elementor-widget-container\">\n\t\t\t\t\t\t\t<p>Please fill out a separate form for each new offer.<\/p>\t\t\t\t\t\t<\/div>\n\t\t\t\t<\/div>\n\t\t\t\t<div class=\"elementor-element elementor-element-3935c6f elementor-button-align-stretch elementor-widget elementor-widget-form\" data-id=\"3935c6f\" data-element_type=\"widget\" data-settings=\"{&quot;button_width&quot;:&quot;30&quot;,&quot;step_next_label&quot;:&quot;Next&quot;,&quot;step_previous_label&quot;:&quot;Previous&quot;,&quot;step_type&quot;:&quot;number_text&quot;,&quot;step_icon_shape&quot;:&quot;circle&quot;}\" data-widget_type=\"form.default\">\n\t\t\t\t<div class=\"elementor-widget-container\">\n\t\t\t\t\t<form class=\"elementor-form\" method=\"post\" name=\"New Form\" action=\"\">\n\t\t\t<input type=\"hidden\" name=\"post_id\" value=\"46056\"\/>\n\t\t\t<input type=\"hidden\" name=\"form_id\" value=\"3935c6f\"\/>\n\t\t\t<input type=\"hidden\" name=\"referer_title\" value=\"\" \/>\n\n\t\t\t\n\t\t\t<div class=\"elementor-form-fields-wrapper elementor-labels-above\">\n\t\t\t\t\t\t\t\t<div class=\"elementor-field-type-text elementor-field-group elementor-column elementor-field-group-name elementor-col-50 elementor-field-required elementor-mark-required\">\n\t\t\t\t\t\t\t\t\t\t\t\t<label for=\"form-field-name\" class=\"elementor-field-label\">\n\t\t\t\t\t\t\t\tFirst and last name\t\t\t\t\t\t\t<\/label>\n\t\t\t\t\t\t\t\t\t\t\t\t\t\t<input size=\"1\" type=\"text\" name=\"form_fields[name]\" id=\"form-field-name\" class=\"elementor-field elementor-size-sm  elementor-field-textual\" placeholder=\"First and last name\" required=\"required\" aria-required=\"true\">\n\t\t\t\t\t\t\t\t\t\t\t<\/div>\n\t\t\t\t\t\t\t\t<div class=\"elementor-field-type-text elementor-field-group elementor-column elementor-field-group-field_005b353 elementor-col-50\">\n\t\t\t\t\t\t\t\t\t\t\t\t<label for=\"form-field-field_005b353\" class=\"elementor-field-label\">\n\t\t\t\t\t\t\t\tCompany\t\t\t\t\t\t\t<\/label>\n\t\t\t\t\t\t\t\t\t\t\t\t\t\t<input size=\"1\" type=\"text\" name=\"form_fields[field_005b353]\" id=\"form-field-field_005b353\" class=\"elementor-field elementor-size-sm  elementor-field-textual\" placeholder=\"Company\">\n\t\t\t\t\t\t\t\t\t\t\t<\/div>\n\t\t\t\t\t\t\t\t<div class=\"elementor-field-type-text elementor-field-group elementor-column elementor-field-group-email elementor-col-100 elementor-field-required elementor-mark-required\">\n\t\t\t\t\t\t\t\t\t\t\t\t<label for=\"form-field-email\" class=\"elementor-field-label\">\n\t\t\t\t\t\t\t\tPhone number\t\t\t\t\t\t\t<\/label>\n\t\t\t\t\t\t\t\t\t\t\t\t\t\t<input size=\"1\" type=\"text\" name=\"form_fields[email]\" id=\"form-field-email\" class=\"elementor-field elementor-size-sm  elementor-field-textual\" placeholder=\"Phone number\" required=\"required\" aria-required=\"true\">\n\t\t\t\t\t\t\t\t\t\t\t<\/div>\n\t\t\t\t\t\t\t\t<div class=\"elementor-field-type-email elementor-field-group elementor-column elementor-field-group-field_f76d67a elementor-col-100 elementor-field-required elementor-mark-required\">\n\t\t\t\t\t\t\t\t\t\t\t\t<label for=\"form-field-field_f76d67a\" class=\"elementor-field-label\">\n\t\t\t\t\t\t\t\tEmail\t\t\t\t\t\t\t<\/label>\n\t\t\t\t\t\t\t\t\t\t\t\t\t\t<input size=\"1\" type=\"email\" name=\"form_fields[field_f76d67a]\" id=\"form-field-field_f76d67a\" class=\"elementor-field elementor-size-sm  elementor-field-textual\" placeholder=\"Email\" required=\"required\" aria-required=\"true\">\n\t\t\t\t\t\t\t\t\t\t\t<\/div>\n\t\t\t\t\t\t\t\t<div class=\"elementor-field-type-checkbox elementor-field-group elementor-column elementor-field-group-field_6f6f280 elementor-col-100\">\n\t\t\t\t\t\t\t\t\t\t\t\t<label for=\"form-field-field_6f6f280\" class=\"elementor-field-label\">\n\t\t\t\t\t\t\t\tHave you worked with us in the past?\t\t\t\t\t\t\t<\/label>\n\t\t\t\t\t\t<div class=\"elementor-field-subgroup  elementor-subgroup-inline\"><span class=\"elementor-field-option\"><input type=\"checkbox\" value=\"Ja\" id=\"form-field-field_6f6f280-0\" name=\"form_fields[field_6f6f280][]\"> <label for=\"form-field-field_6f6f280-0\">Yes<\/label><\/span><span class=\"elementor-field-option\"><input type=\"checkbox\" value=\"Nein\" id=\"form-field-field_6f6f280-1\" name=\"form_fields[field_6f6f280][]\"> <label for=\"form-field-field_6f6f280-1\">No<\/label><\/span><\/div>\t\t\t\t<\/div>\n\t\t\t\t\t\t\t\t<div class=\"elementor-field-type-text elementor-field-group elementor-column elementor-field-group-field_42ad69c elementor-col-100 elementor-field-required elementor-mark-required\">\n\t\t\t\t\t\t\t\t\t\t\t\t<label for=\"form-field-field_42ad69c\" class=\"elementor-field-label\">\n\t\t\t\t\t\t\t\tWhat products do you have?\t\t\t\t\t\t\t<\/label>\n\t\t\t\t\t\t\t\t\t\t\t\t\t\t<input size=\"1\" type=\"text\" name=\"form_fields[field_42ad69c]\" id=\"form-field-field_42ad69c\" class=\"elementor-field elementor-size-sm  elementor-field-textual\" placeholder=\"Cosmetics, clothing, electronics, etc.\" required=\"required\" aria-required=\"true\">\n\t\t\t\t\t\t\t\t\t\t\t<\/div>\n\t\t\t\t\t\t\t\t<div class=\"elementor-field-type-checkbox elementor-field-group elementor-column elementor-field-group-field_5dc4706 elementor-col-100\">\n\t\t\t\t\t\t\t\t\t\t\t\t<label for=\"form-field-field_5dc4706\" class=\"elementor-field-label\">\n\t\t\t\t\t\t\t\tWhat should we do with the products after the project is completed?\t\t\t\t\t\t\t<\/label>\n\t\t\t\t\t\t<div class=\"elementor-field-subgroup\"><span class=\"elementor-field-option\"><input type=\"checkbox\" value=\"Schicken Sie sie zur\u00fcck \" id=\"form-field-field_5dc4706-0\" name=\"form_fields[field_5dc4706][]\"> <label for=\"form-field-field_5dc4706-0\">Send them back <\/label><\/span><span class=\"elementor-field-option\"><input type=\"checkbox\" value=\"Verschenke sie oder wirf sie weg\" id=\"form-field-field_5dc4706-1\" name=\"form_fields[field_5dc4706][]\"> <label for=\"form-field-field_5dc4706-1\">Give them away or throw them away<\/label><\/span><span class=\"elementor-field-option\"><input type=\"checkbox\" value=\"Ich werde sie pers\u00f6nlich abholen, nachdem das Fotoshooting beendet ist\" id=\"form-field-field_5dc4706-2\" name=\"form_fields[field_5dc4706][]\"> <label for=\"form-field-field_5dc4706-2\">I will pick them up personally after the photo shoot is finished<\/label><\/span><\/div>\t\t\t\t<\/div>\n\t\t\t\t\t\t\t\t<div class=\"elementor-field-type-acceptance elementor-field-group elementor-column elementor-field-group-field_fe7de8c elementor-col-100\">\n\t\t\t\t\t\t\t\t\t\t\t\t<label for=\"form-field-field_fe7de8c\" class=\"elementor-field-label\">\n\t\t\t\t\t\t\t\tNewsletter\t\t\t\t\t\t\t<\/label>\n\t\t\t\t\t\t\t\t<div class=\"elementor-field-subgroup\">\n\t\t\t<span class=\"elementor-field-option\">\n\t\t\t\t<input type=\"checkbox\" name=\"form_fields[field_fe7de8c]\" id=\"form-field-field_fe7de8c\" class=\"elementor-field elementor-size-sm  elementor-acceptance-field\">\n\t\t\t\t<label for=\"form-field-field_fe7de8c\">I allow you to inform me about promotions, news and innovations.<\/label>\t\t\t<\/span>\n\t\t<\/div>\n\t\t\t\t\t\t<\/div>\n\t\t\t\t\t\t\t\t<div class=\"elementor-field-type-acceptance elementor-field-group elementor-column elementor-field-group-field_01e387f elementor-col-100 elementor-field-required elementor-mark-required\">\n\t\t\t\t\t\t\t<div class=\"elementor-field-subgroup\">\n\t\t\t<span class=\"elementor-field-option\">\n\t\t\t\t<input type=\"checkbox\" name=\"form_fields[field_01e387f]\" id=\"form-field-field_01e387f\" class=\"elementor-field elementor-size-sm  elementor-acceptance-field\" required=\"required\" aria-required=\"true\" checked=\"checked\">\n\t\t\t\t<label for=\"form-field-field_01e387f\">I agree to the terms and conditions and the privacy policy.<\/label>\t\t\t<\/span>\n\t\t<\/div>\n\t\t\t\t\t\t<\/div>\n\t\t\t\t\t\t\t\t<div class=\"elementor-field-group elementor-column elementor-field-type-submit elementor-col-30 e-form__buttons\">\n\t\t\t\t\t<button class=\"elementor-button elementor-size-sm elementor-animation-shrink\" type=\"submit\">\n\t\t\t\t\t\t<span class=\"elementor-button-content-wrapper\">\n\t\t\t\t\t\t\t\t\t\t\t\t\t\t\t\t\t\t\t\t\t\t<span class=\"elementor-button-text\">SEND<\/span>\n\t\t\t\t\t\t\t\t\t\t\t\t\t<\/span>\n\t\t\t\t\t<\/button>\n\t\t\t\t<\/div>\n\t\t\t<\/div>\n\t\t<input type=\"hidden\" name=\"trp-form-language\" value=\"en\"\/><\/form>\n\t\t\t\t<\/div>\n\t\t\t\t<\/div>\n\t\t\t\t\t<\/div>\n\t\t<\/div>\n\t\t\t\t\t<\/div>\n\t\t<\/section>\n\t\t\t\t<\/div>","protected":false},"excerpt":{"rendered":"<p>F\u00fcllen Sie das Formular aus, um ein Angebot zu erhalten. Bitte f\u00fcllen Sie f\u00fcr jedes neue Angebot ein separates Formular aus.<\/p>","protected":false},"author":14,"featured_media":0,"parent":0,"menu_order":2,"comment_status":"closed","ping_status":"closed","template":"","meta":{"_seopress_robots_primary_cat":"","_seopress_titles_title":"Angebot \u2502 Product Photo Studio AT","_seopress_titles_desc":"Wir helfen Ihrem Online-Shop oder Ihrer Marke bei der Erstellung professioneller Produktfotos, damit Sie sich auf wichtigere Aufgaben konzentrieren k\u00f6nnen.","_seopress_robots_index":"","footnotes":""},"_links":{"self":[{"href":"https:\/\/www.productphotostudio.at\/en\/wp-json\/wp\/v2\/pages\/46056"}],"collection":[{"href":"https:\/\/www.productphotostudio.at\/en\/wp-json\/wp\/v2\/pages"}],"about":[{"href":"https:\/\/www.productphotostudio.at\/en\/wp-json\/wp\/v2\/types\/page"}],"author":[{"embeddable":true,"href":"https:\/\/www.productphotostudio.at\/en\/wp-json\/wp\/v2\/users\/14"}],"replies":[{"embeddable":true,"href":"https:\/\/www.productphotostudio.at\/en\/wp-json\/wp\/v2\/comments?post=46056"}],"version-history":[{"count":0,"href":"https:\/\/www.productphotostudio.at\/en\/wp-json\/wp\/v2\/pages\/46056\/revisions"}],"wp:attachment":[{"href":"https:\/\/www.productphotostudio.at\/en\/wp-json\/wp\/v2\/media?parent=46056"}],"curies":[{"name":"wp","href":"https:\/\/api.w.org\/{rel}","templated":true}]}}